{"id":89,"date":"2022-10-30T14:29:01","date_gmt":"2022-10-30T13:29:01","guid":{"rendered":"http:\/\/lara-treichel.de\/en\/?page_id=89"},"modified":"2025-08-30T16:07:43","modified_gmt":"2025-08-30T14:07:43","slug":"productions","status":"publish","type":"page","link":"https:\/\/lara-treichel.de\/en\/productions\/","title":{"rendered":"Productions"},"content":{"rendered":"\n<figure class=\"wp-block-image size-full\"><img loading=\"lazy\" decoding=\"async\" width=\"720\" height=\"540\" src=\"http:\/\/lara-treichel.de\/en\/wp-content\/uploads\/sites\/2\/2022\/10\/Lara_im_Bolschoi_Theater.jpg\" alt=\"\" class=\"wp-image-67\" srcset=\"https:\/\/lara-treichel.de\/en\/wp-content\/uploads\/sites\/2\/2022\/10\/Lara_im_Bolschoi_Theater.jpg 720w, https:\/\/lara-treichel.de\/en\/wp-content\/uploads\/sites\/2\/2022\/10\/Lara_im_Bolschoi_Theater-300x225.jpg 300w, https:\/\/lara-treichel.de\/en\/wp-content\/uploads\/sites\/2\/2022\/10\/Lara_im_Bolschoi_Theater-230x173.jpg 230w, https:\/\/lara-treichel.de\/en\/wp-content\/uploads\/sites\/2\/2022\/10\/Lara_im_Bolschoi_Theater-350x263.jpg 350w, https:\/\/lara-treichel.de\/en\/wp-content\/uploads\/sites\/2\/2022\/10\/Lara_im_Bolschoi_Theater-480x360.jpg 480w\" sizes=\"auto, (max-width: 720px) 100vw, 720px\" \/><\/figure>\n\n\n\n<h5 class=\"wp-block-heading\"><strong>Theatre<\/strong><\/h5>\n\n\n\n<figure class=\"wp-block-table is-style-stripes\"><table><tbody><tr><td class=\"has-text-align-left\" data-align=\"left\">2025<br>Independent project, performed at<br><a href=\"https:\/\/www.worldchessclubberlin.com\/\">World Chess Club<\/a> Berlin<\/td><td class=\"has-text-align-left\" data-align=\"left\"><strong>\u00abMetamorphose\u00bb<\/strong> after Franz Kafka<br><a href=\"https:\/\/lara-treichel.de\/en\/gallery\/#Metamorphosen\" data-type=\"page\" data-id=\"171\" target=\"_blank\" rel=\"noreferrer noopener\">Images<\/a><br><\/td><\/tr><tr><td class=\"has-text-align-left\" data-align=\"left\">2025<br>Independent project, performed at<br><a href=\"https:\/\/www.neue-buehne-friedrichshain.de\/\">Neue B\u00fchne Friedrichshain<\/a> Berlin<\/td><td class=\"has-text-align-left\" data-align=\"left\"><strong>\u00ab3 Sisters 3\u00bb<\/strong> after Anton Chekhov (revival)<br><a href=\"https:\/\/lara-treichel.de\/en\/gallery\/#3Schwestern3\" data-type=\"page\" data-id=\"171\" target=\"_blank\" rel=\"noreferrer noopener\">Images<\/a><\/td><\/tr><tr><td class=\"has-text-align-left\" data-align=\"left\">2024<br>Independent project, performed at<br><a href=\"https:\/\/pas-berlin.org\/event\/3schwestern3-at-pas-die-vorpremiere-%d0%bf%d1%80%d0%b5%d0%b4%d0%bf%d1%80%d0%b5%d0%bc%d1%8c%d0%b5%d1%80%d0%b0\/\">PAS<\/a> and <a href=\"https:\/\/www.holzmarkt.com\/veranstaltung\/3-schwestern-3\">Holzmarkt<\/a> Berlin<\/td><td class=\"has-text-align-left\" data-align=\"left\"><strong>\u00ab3 Sisters 3\u00bb<\/strong> after Anton Chekhov<\/td><\/tr><tr><td class=\"has-text-align-left\" data-align=\"left\">2021<br>Chelyabinsk Chamber Theatre<\/td><td class=\"has-text-align-left\" data-align=\"left\"><strong>\u00ab<a href=\"https:\/\/kamerata.ru\/performance\/krovavaya-svadba\/\" target=\"_blank\" rel=\"noreferrer noopener\">Blood Wedding<\/a><\/strong>\u00bb by Federico Garcia Lorc<a href=\"http:\/\/lara-treichel.de\/index.php\/galerie#Bluthochzeit\">a<\/a><br><a href=\"https:\/\/lara-treichel.de\/galerie\/#Bluthochzeit\">Images<\/a><br><\/td><\/tr><tr><td class=\"has-text-align-left\" data-align=\"left\">2019<br>State Theatre Kirov<\/td><td class=\"has-text-align-left\" data-align=\"left\"><strong>\u00ab<a rel=\"noreferrer noopener\" href=\"https:\/\/kirovdramteatr.ru\/shows\/55\" target=\"_blank\">Lysistrata<\/a>\u00bb<\/strong> by Aristophanes<\/td><\/tr><tr><td class=\"has-text-align-left\" data-align=\"left\">2018<br>Chelyabinsk Chamber Theatre<\/td><td class=\"has-text-align-left\" data-align=\"left\"><strong>\u00ab<a rel=\"noreferrer noopener\" href=\"https:\/\/kamerata.ru\/afisha\/generation-p-3\/\" target=\"_blank\">GenerationP<\/a>\u00bb <\/strong>by Viktor Pelevin<br><a href=\"http:\/\/lara-treichel.de\/index.php\/galerie#Generation_P\">Images<\/a><br><a rel=\"noreferrer noopener\" href=\"https:\/\/vk.com\/video-743159_456239398?list=21c55963ca565bd754\" target=\"_blank\">Video<\/a><\/td><\/tr><tr><td class=\"has-text-align-left\" data-align=\"left\">2016<br>Chelyabinsk Chamber Theatre<\/td><td class=\"has-text-align-left\" data-align=\"left\"><strong>\u00abBach and the Contenders<\/strong>\u00bb<br>by I. Moses<br><strong><em>LONGLIST National Theatre Award &#8220;Golden Mask&#8221;<br>of the 2016-20<\/em>17 season<\/strong><\/td><\/tr><tr><td class=\"has-text-align-left\" data-align=\"left\">2016<br>State Academic<br>Music Theatre Omsk<\/td><td class=\"has-text-align-left\" data-align=\"left\">Musical <strong>\u00abScarlet Sails<\/strong>\u00bb<br>by \u041caxim Dunayevski<\/td><\/tr><tr><td class=\"has-text-align-left\" data-align=\"left\">2014<br>Theatre of the Musical Comedy Sverdlovsk<\/td><td class=\"has-text-align-left\" data-align=\"left\">Choral ballet \u00ab<strong>Henri\u00bb <\/strong>by \u041carina Sobyanina<br><strong><em>LONGLIST National Theatre Award &#8220;Golden Mask&#8221;<br>of the 2014-20<\/em>15 season<\/strong><\/td><\/tr><tr><td class=\"has-text-align-left\" data-align=\"left\">2014<br>Youth Theatre &#8220;Globe&#8221; in Novosibirsk<\/td><td class=\"has-text-align-left\" data-align=\"left\"><strong>\u00abAutumn Marathon<\/strong>\u00bb<br>by \u0410lexander Volodin<\/td><\/tr><tr><td class=\"has-text-align-left\" data-align=\"left\">2013<br>Chelyabinsk Chamber Theatre<\/td><td class=\"has-text-align-left\" data-align=\"left\"><strong>\u00abSchool for Fools\u00bb<br><\/strong>by Sasha Sokolov<br><strong><em>LONGLIST National Theatre Award &#8220;Golden Mask&#8221;<br>of the 2013-20<\/em>14 season<\/strong><\/td><\/tr><tr><td class=\"has-text-align-left\" data-align=\"left\">2010<br>Chelyabinsk Chamber Theatre<\/td><td class=\"has-text-align-left\" data-align=\"left\"><strong>\u00abBallagantshik<\/strong>\u00bb by Alexander Blok<\/td><\/tr><\/tbody><\/table><\/figure>\n\n\n\n<h5 class=\"wp-block-heading\"><strong>Choreographies<\/strong><\/h5>\n\n\n\n<figure class=\"wp-block-table is-style-stripes\"><table><tbody><tr><td class=\"has-text-align-left\" data-align=\"left\">2015<br>Jevgeni Panfilov Ballet Perm<\/td><td class=\"has-text-align-left\" data-align=\"left\"><strong>\u00abSalome\u00bb<\/strong><\/td><\/tr><tr><td class=\"has-text-align-left\" data-align=\"left\">2014<br>Moscow Music Theatre<br>&#8220;New Ballet&#8221;<\/td><td class=\"has-text-align-left\" data-align=\"left\"><strong>\u00abPr\u00e9ludes\u00bb<\/strong> (Sergej Rachmaninov)<\/td><\/tr><tr><td class=\"has-text-align-left\" data-align=\"left\">2012<br>independent theatre project together with the artist Andrei Bartenev<\/td><td class=\"has-text-align-left\" data-align=\"left\"><strong>\u00abThree Sisters &#8211; First Act\u00bb<\/strong><br><em><strong>SHORTLIST <strong><em>National Theatre Award &#8220;Golden Mask&#8221;<\/em><\/strong> in the category &#8220;Best modern dance performance&#8221; 2013<\/strong><\/em><\/td><\/tr><tr><td class=\"has-text-align-left\" data-align=\"left\">2010<br>Jevgeni Panfilov Ballet Perm<\/td><td class=\"has-text-align-left\" data-align=\"left\"><strong>\u00abNon-finito\u00bb<\/strong><\/td><\/tr><tr><td class=\"has-text-align-left\" data-align=\"left\">2009<br>Jevgeni Panfilov Ballet Perm<\/td><td class=\"has-text-align-left\" data-align=\"left\"><em><strong>\u00abCasting-off\u00bb<\/strong><\/em><br><em><strong><em><strong><strong><em>National Theatre Award &#8220;Golden Mask&#8221;<\/em><\/strong><\/strong><\/em><\/strong><\/em><\/td><\/tr><tr><td class=\"has-text-align-left\" data-align=\"left\">2008<br>&#8220;Ballet Moscow&#8221;<\/td><td class=\"has-text-align-left\" data-align=\"left\"><strong>\u00abLes Noces\u00bb<\/strong> (Igor Stravinsky)<\/td><\/tr><tr><td class=\"has-text-align-left\" data-align=\"left\">2006<br>Theatre Studio for Modern Choreography in Moscow<\/td><td class=\"has-text-align-left\" data-align=\"left\"><em><strong>\u00abTravel against the Wind\u00bb<\/strong><\/em><\/td><\/tr><tr><td class=\"has-text-align-left\" data-align=\"left\">2005<br>Centre for Contemporary Art Ekaterinburg<\/td><td class=\"has-text-align-left\" data-align=\"left\"><strong>\u00abTango go-go\u00bb<\/strong><\/td><\/tr><tr><td class=\"has-text-align-left\" data-align=\"left\">2004<br>Centre for Contemporary Art Ekaterinburg<\/td><td class=\"has-text-align-left\" data-align=\"left\">Miniature <strong>\u00abCastle\u00bb<\/strong><\/td><\/tr><tr><td class=\"has-text-align-left\" data-align=\"left\">2002-2008<br>Theatre Studio for Modern Choreography in Moscow<\/td><td class=\"has-text-align-left\" data-align=\"left\">Miniatures: <strong>\u00abEscape\u00bb, \u00abEyes\u00bb,<\/strong><br><strong>\u00abTemporarily Unavailable\u00bb, \u00abTransfer rules\u00bb, \u00abAntigone Complex\u00bb, \u00abFog\u00bb<\/strong><\/td><\/tr><\/tbody><\/table><\/figure>\n\n\n\n<h5 class=\"wp-block-heading\"><strong>Accompanying productions by other directors<br>as choreographer and director for body language and movement sequences<\/strong><\/h5>\n\n\n\n<figure class=\"wp-block-table is-style-stripes\"><table><tbody><tr><td class=\"has-text-align-left\" data-align=\"left\">2023<br>Melanchton Church D\u00fcsseldorf<br>Director: Emilia Kivelevich<\/td><td class=\"has-text-align-left\" data-align=\"left\"><strong>\u00abThe creation of the world or Kabbalat Shabbat\u00bb<\/strong><br>Chamber opera by Alexander Manotskov and<br>Emilia Kivelevich<\/td><\/tr><tr><td class=\"has-text-align-left\" data-align=\"left\">2021<br>Stanislavsky Nemirovich Danchenko Theatre, Moscow<br>Director: Alexander Titel<\/td><td class=\"has-text-align-left\" data-align=\"left\"><strong>\u00ab<a rel=\"noreferrer noopener\" href=\"https:\/\/stanmus.ru\/shows\/volnyj-strelok\/\" target=\"_blank\">The Freeshooter<\/a>\u00bb<\/strong><br>by Carl-Maria von Weber<\/td><\/tr><tr><td class=\"has-text-align-left\" data-align=\"left\">2019<br>Stanislavsky Nemirovich Danchenko Theatre, Moscow<br>Director: Alexander Titel<\/td><td class=\"has-text-align-left\" data-align=\"left\"><strong>\u00ab<a rel=\"noreferrer noopener\" href=\"https:\/\/stanmus.ru\/shows\/zimnij-vecher-v-shamoni\/\" target=\"_blank\">A Winter Evening in Chamonix<\/a>\u00bb<br><\/strong>with music by Offenbach, Lecocq, Kalman, Leh\u00e1r, Strauss, Supp\u00e9, Mil\u00f6cker, Friml, Dostal, Strelnikow, Abraham<\/td><\/tr><tr><td class=\"has-text-align-left\" data-align=\"left\">2019<br>Stanislavsky Nemirovich Danchenko Theatre, Moscow<br>Director: Alexander Titel<\/td><td class=\"has-text-align-left\" data-align=\"left\"><strong>\u00abThe Devil in Love\u00bb<\/strong><br>by Alexander Vustin<br><em><strong>SHORTLIST <em><strong><strong><em>National Theatre Award &#8220;Golden Mask&#8221;<\/em><\/strong><\/strong><\/em><\/strong><\/em><br><em><strong>in the Category &#8220;Best Opera Production&#8221; 2020<\/strong><\/em><\/td><\/tr><tr><td class=\"has-text-align-left\" data-align=\"left\">2018<br>Stanislavsky Nemirovich Danchenko Theatre, Moscow<br>Director: Alexander Titel<\/td><td class=\"has-text-align-left\" data-align=\"left\"><strong>\u00ab<a rel=\"noreferrer noopener\" href=\"https:\/\/stanmus.ru\/shows\/enufa\/\" target=\"_blank\">Jenufa<\/a>\u00bb<\/strong><br>by Leo\u0161 Jan\u00e1\u010dek<br><em><strong>SHORTLIST <em><strong><strong><em>National Theatre Award &#8220;Golden Mask&#8221;<\/em><\/strong><\/strong><\/em><\/strong><\/em><br><em><strong>in the Category &#8220;Best Opera Production&#8221; 2019<\/strong><\/em><\/td><\/tr><tr><td class=\"has-text-align-left\" data-align=\"left\">2018<br>Theatre of the Musical Comedy Sverdlovsk<br>Director: Kirill Streshnev<\/td><td class=\"has-text-align-left\" data-align=\"left\"><strong>\u00abMozart and Salieri\u00bb<\/strong> by \u0415. Karmazin<\/td><\/tr><tr><td class=\"has-text-align-left\" data-align=\"left\">2017<br>Bolshoi Theatre, Moscow<br>Director: Alexander Titel<\/td><td class=\"has-text-align-left\" data-align=\"left\"><strong>\u00abSnegurotshka\u00bb<br><\/strong>by Nikolai Rimski-Korsakov<\/td><\/tr><tr><td class=\"has-text-align-left\" data-align=\"left\">2015<br>Stanislavsky Nemirovich Danchenko Theatre, Moscow<br>Director: Alexander Titel<\/td><td class=\"has-text-align-left\" data-align=\"left\"><strong>\u00ab<a rel=\"noreferrer noopener\" href=\"https:\/\/stanmus.ru\/shows\/hovanshhina\/\" target=\"_blank\">Chowanschtschina<\/a>\u00bb<br><\/strong>by Modest Mussorski<br><em><strong><em><strong><strong><em>National Theatre Award &#8220;Golden Mask&#8221;<\/em><\/strong><\/strong><\/em><\/strong><\/em><br><em><strong>in the Category &#8220;Best Opera Production&#8221; 201<\/strong><\/em><strong>6<\/strong><\/td><\/tr><tr><td class=\"has-text-align-left\" data-align=\"left\">2015<br>Theatre of the Musical Comedy Sverdlovsk<br>Director: Kirill Streshnew<\/td><td class=\"has-text-align-left\" data-align=\"left\"><strong>\u00abFunny fellows\u00bb<br><\/strong>by I. and M. Dunajevsky<\/td><\/tr><tr><td class=\"has-text-align-left\" data-align=\"left\">2015<br>Chelyabinsk Chamber Theatre<br>Director: Viktoria Meschtschaninowa<\/td><td class=\"has-text-align-left\" data-align=\"left\"><strong>\u00abThe Head of the Others\u00bb<br><\/strong>by Marcel Aym\u00e9<\/td><\/tr><tr><td class=\"has-text-align-left\" data-align=\"left\">2013<br>Mayakovski Theatre, Moscow<br>Director: Polina Struschkowa<\/td><td class=\"has-text-align-left\" data-align=\"left\"><strong>\u00abCat Mom\u00bb<\/strong> by Luis Sep\u00falveda<\/td><\/tr><tr><td class=\"has-text-align-left\" data-align=\"left\">2012<br>Stanislavsky Nemirovich Danchenko Theatre, Moscow<br>Director: Alexander Titel<\/td><td class=\"has-text-align-left\" data-align=\"left\"><strong>\u00abWar and Peace\u00bb<br><\/strong>by Sergej Prokofiev<\/td><\/tr><tr><td class=\"has-text-align-left\" data-align=\"left\">2011<br>National Theatre for Opera and Ballet Charkiw<br>Director: Alexander Lebedev<\/td><td class=\"has-text-align-left\" data-align=\"left\"><strong>\u00abThe Bat\u00bb<\/strong><br>by Johann Strauss<\/td><\/tr><tr><td class=\"has-text-align-left\" data-align=\"left\">2009<br>State Music Theatre Omsk<br>Director: Kirill Streschnew<\/td><td class=\"has-text-align-left\" data-align=\"left\"><strong>\u00abThe Apothecary\u00bb<\/strong><br>by Joseph Haydn<\/td><\/tr><\/tbody><\/table><\/figure>\n","protected":false},"excerpt":{"rendered":"<p>Theatre 2025Independent project, performed atWorld Chess Club Berlin \u00abMetamorphose\u00bb after Franz KafkaImages 2025Independent project, performed atNeue B\u00fchne Friedrichshain Berlin \u00ab3 Sisters 3\u00bb [&hellip;]<\/p>\n","protected":false},"author":1,"featured_media":0,"parent":0,"menu_order":2,"comment_status":"closed","ping_status":"closed","template":"","meta":{"footnotes":""},"class_list":["post-89","page","type-page","status-publish","hentry"],"_links":{"self":[{"href":"https:\/\/lara-treichel.de\/en\/wp-json\/wp\/v2\/pages\/89","targetHints":{"allow":["GET"]}}],"collection":[{"href":"https:\/\/lara-treichel.de\/en\/wp-json\/wp\/v2\/pages"}],"about":[{"href":"https:\/\/lara-treichel.de\/en\/wp-json\/wp\/v2\/types\/page"}],"author":[{"embeddable":true,"href":"https:\/\/lara-treichel.de\/en\/wp-json\/wp\/v2\/users\/1"}],"replies":[{"embeddable":true,"href":"https:\/\/lara-treichel.de\/en\/wp-json\/wp\/v2\/comments?post=89"}],"version-history":[{"count":23,"href":"https:\/\/lara-treichel.de\/en\/wp-json\/wp\/v2\/pages\/89\/revisions"}],"predecessor-version":[{"id":237,"href":"https:\/\/lara-treichel.de\/en\/wp-json\/wp\/v2\/pages\/89\/revisions\/237"}],"wp:attachment":[{"href":"https:\/\/lara-treichel.de\/en\/wp-json\/wp\/v2\/media?parent=89"}],"curies":[{"name":"wp","href":"https:\/\/api.w.org\/{rel}","templated":true}]}}